{"id":17290,"date":"2018-08-30T18:51:09","date_gmt":"2018-08-30T16:51:09","guid":{"rendered":"https:\/\/agrecol.pl\/kontakt\/"},"modified":"2022-01-28T13:07:38","modified_gmt":"2022-01-28T12:07:38","slug":"kontakt","status":"publish","type":"page","link":"https:\/\/agrecol.pl\/en\/kontakt\/","title":{"rendered":"Contact"},"content":{"rendered":"","protected":false},"excerpt":{"rendered":"","protected":false},"author":15,"featured_media":17291,"parent":0,"menu_order":0,"comment_status":"closed","ping_status":"closed","template":"page-contact.php","meta":{"_acf_changed":false,"inline_featured_image":false,"footnotes":""},"class_list":["post-17290","page","type-page","status-publish","has-post-thumbnail","hentry"],"acf":[],"yoast_head":"<title>Kontakt - porady w zakresie ogrodnictwa, nawo\u017cenia lub ochrony ro\u015blin<\/title>\n<meta name=\"description\" content=\"Potrzebujesz porady w zakresie ogrodnictwa, nawo\u017cenia lub ochrony ro\u015blin? Chcesz uzyska\u0107 informacje o produktach AGRECOL? Skontaktuj si\u0119 z nami!\" \/>\n<meta name=\"robots\" content=\"index, follow, max-snippet:-1, max-image-preview:large, max-video-preview:-1\" \/>\n<link rel=\"canonical\" href=\"https:\/\/agrecol.pl\/en\/kontakt\/\" \/>\n<meta property=\"og:locale\" content=\"en_US\" \/>\n<meta property=\"og:type\" content=\"article\" \/>\n<meta property=\"og:title\" content=\"Kontakt - porady w zakresie ogrodnictwa, nawo\u017cenia lub ochrony ro\u015blin\" \/>\n<meta property=\"og:description\" content=\"Potrzebujesz porady w zakresie ogrodnictwa, nawo\u017cenia lub ochrony ro\u015blin? Chcesz uzyska\u0107 informacje o produktach AGRECOL? Skontaktuj si\u0119 z nami!\" \/>\n<meta property=\"og:url\" content=\"https:\/\/agrecol.pl\/en\/kontakt\/\" \/>\n<meta property=\"og:site_name\" content=\"Agrecol\" \/>\n<meta property=\"article:modified_time\" content=\"2022-01-28T12:07:38+00:00\" \/>\n<meta property=\"og:image\" content=\"https:\/\/agrecol.pl\/wp-content\/uploads\/2018\/08\/contact-header.jpg\" \/>\n\t<meta property=\"og:image:width\" content=\"1920\" \/>\n\t<meta property=\"og:image:height\" content=\"580\" \/>\n\t<meta property=\"og:image:type\" content=\"image\/jpeg\" \/>\n<meta name=\"twitter:card\" content=\"summary_large_image\" \/>\n<script type=\"application\/ld+json\" class=\"yoast-schema-graph\">{\"@context\":\"https:\\\/\\\/schema.org\",\"@graph\":[{\"@type\":\"WebPage\",\"@id\":\"https:\\\/\\\/agrecol.pl\\\/en\\\/kontakt\\\/\",\"url\":\"https:\\\/\\\/agrecol.pl\\\/en\\\/kontakt\\\/\",\"name\":\"Kontakt - porady w zakresie ogrodnictwa, nawo\u017cenia lub ochrony ro\u015blin\",\"isPartOf\":{\"@id\":\"https:\\\/\\\/agrecol.pl\\\/en\\\/#website\"},\"primaryImageOfPage\":{\"@id\":\"https:\\\/\\\/agrecol.pl\\\/en\\\/kontakt\\\/#primaryimage\"},\"image\":{\"@id\":\"https:\\\/\\\/agrecol.pl\\\/en\\\/kontakt\\\/#primaryimage\"},\"thumbnailUrl\":\"https:\\\/\\\/agrecol.pl\\\/wp-content\\\/uploads\\\/2018\\\/08\\\/contact-header.jpg\",\"datePublished\":\"2018-08-30T16:51:09+00:00\",\"dateModified\":\"2022-01-28T12:07:38+00:00\",\"description\":\"Potrzebujesz porady w zakresie ogrodnictwa, nawo\u017cenia lub ochrony ro\u015blin? Chcesz uzyska\u0107 informacje o produktach AGRECOL? Skontaktuj si\u0119 z nami!\",\"breadcrumb\":{\"@id\":\"https:\\\/\\\/agrecol.pl\\\/en\\\/kontakt\\\/#breadcrumb\"},\"inLanguage\":\"en-US\",\"potentialAction\":[{\"@type\":\"ReadAction\",\"target\":[\"https:\\\/\\\/agrecol.pl\\\/en\\\/kontakt\\\/\"]}]},{\"@type\":\"ImageObject\",\"inLanguage\":\"en-US\",\"@id\":\"https:\\\/\\\/agrecol.pl\\\/en\\\/kontakt\\\/#primaryimage\",\"url\":\"https:\\\/\\\/agrecol.pl\\\/wp-content\\\/uploads\\\/2018\\\/08\\\/contact-header.jpg\",\"contentUrl\":\"https:\\\/\\\/agrecol.pl\\\/wp-content\\\/uploads\\\/2018\\\/08\\\/contact-header.jpg\",\"width\":1920,\"height\":580},{\"@type\":\"BreadcrumbList\",\"@id\":\"https:\\\/\\\/agrecol.pl\\\/en\\\/kontakt\\\/#breadcrumb\",\"itemListElement\":[{\"@type\":\"ListItem\",\"position\":1,\"name\":\"Strona g\u0142\u00f3wna\",\"item\":\"https:\\\/\\\/agrecol.pl\\\/en\\\/\"},{\"@type\":\"ListItem\",\"position\":2,\"name\":\"Contact\"}]},{\"@type\":\"WebSite\",\"@id\":\"https:\\\/\\\/agrecol.pl\\\/en\\\/#website\",\"url\":\"https:\\\/\\\/agrecol.pl\\\/en\\\/\",\"name\":\"Agrecol\",\"description\":\"Ro\u015bliny lubi\u0105 AGRECOL\",\"potentialAction\":[{\"@type\":\"SearchAction\",\"target\":{\"@type\":\"EntryPoint\",\"urlTemplate\":\"https:\\\/\\\/agrecol.pl\\\/en\\\/?s={search_term_string}\"},\"query-input\":{\"@type\":\"PropertyValueSpecification\",\"valueRequired\":true,\"valueName\":\"search_term_string\"}}],\"inLanguage\":\"en-US\"}]}<\/script>","yoast_head_json":{"title":"Kontakt - porady w zakresie ogrodnictwa, nawo\u017cenia lub ochrony ro\u015blin","description":"Potrzebujesz porady w zakresie ogrodnictwa, nawo\u017cenia lub ochrony ro\u015blin? Chcesz uzyska\u0107 informacje o produktach AGRECOL? Skontaktuj si\u0119 z nami!","robots":{"index":"index","follow":"follow","max-snippet":"max-snippet:-1","max-image-preview":"max-image-preview:large","max-video-preview":"max-video-preview:-1"},"canonical":"https:\/\/agrecol.pl\/en\/kontakt\/","og_locale":"en_US","og_type":"article","og_title":"Kontakt - porady w zakresie ogrodnictwa, nawo\u017cenia lub ochrony ro\u015blin","og_description":"Potrzebujesz porady w zakresie ogrodnictwa, nawo\u017cenia lub ochrony ro\u015blin? Chcesz uzyska\u0107 informacje o produktach AGRECOL? Skontaktuj si\u0119 z nami!","og_url":"https:\/\/agrecol.pl\/en\/kontakt\/","og_site_name":"Agrecol","article_modified_time":"2022-01-28T12:07:38+00:00","og_image":[{"width":1920,"height":580,"url":"https:\/\/agrecol.pl\/wp-content\/uploads\/2018\/08\/contact-header.jpg","type":"image\/jpeg"}],"twitter_card":"summary_large_image","schema":{"@context":"https:\/\/schema.org","@graph":[{"@type":"WebPage","@id":"https:\/\/agrecol.pl\/en\/kontakt\/","url":"https:\/\/agrecol.pl\/en\/kontakt\/","name":"Kontakt - porady w zakresie ogrodnictwa, nawo\u017cenia lub ochrony ro\u015blin","isPartOf":{"@id":"https:\/\/agrecol.pl\/en\/#website"},"primaryImageOfPage":{"@id":"https:\/\/agrecol.pl\/en\/kontakt\/#primaryimage"},"image":{"@id":"https:\/\/agrecol.pl\/en\/kontakt\/#primaryimage"},"thumbnailUrl":"https:\/\/agrecol.pl\/wp-content\/uploads\/2018\/08\/contact-header.jpg","datePublished":"2018-08-30T16:51:09+00:00","dateModified":"2022-01-28T12:07:38+00:00","description":"Potrzebujesz porady w zakresie ogrodnictwa, nawo\u017cenia lub ochrony ro\u015blin? Chcesz uzyska\u0107 informacje o produktach AGRECOL? Skontaktuj si\u0119 z nami!","breadcrumb":{"@id":"https:\/\/agrecol.pl\/en\/kontakt\/#breadcrumb"},"inLanguage":"en-US","potentialAction":[{"@type":"ReadAction","target":["https:\/\/agrecol.pl\/en\/kontakt\/"]}]},{"@type":"ImageObject","inLanguage":"en-US","@id":"https:\/\/agrecol.pl\/en\/kontakt\/#primaryimage","url":"https:\/\/agrecol.pl\/wp-content\/uploads\/2018\/08\/contact-header.jpg","contentUrl":"https:\/\/agrecol.pl\/wp-content\/uploads\/2018\/08\/contact-header.jpg","width":1920,"height":580},{"@type":"BreadcrumbList","@id":"https:\/\/agrecol.pl\/en\/kontakt\/#breadcrumb","itemListElement":[{"@type":"ListItem","position":1,"name":"Strona g\u0142\u00f3wna","item":"https:\/\/agrecol.pl\/en\/"},{"@type":"ListItem","position":2,"name":"Contact"}]},{"@type":"WebSite","@id":"https:\/\/agrecol.pl\/en\/#website","url":"https:\/\/agrecol.pl\/en\/","name":"Agrecol","description":"Ro\u015bliny lubi\u0105 AGRECOL","potentialAction":[{"@type":"SearchAction","target":{"@type":"EntryPoint","urlTemplate":"https:\/\/agrecol.pl\/en\/?s={search_term_string}"},"query-input":{"@type":"PropertyValueSpecification","valueRequired":true,"valueName":"search_term_string"}}],"inLanguage":"en-US"}]}},"_links":{"self":[{"href":"https:\/\/agrecol.pl\/en\/wp-json\/wp\/v2\/pages\/17290","targetHints":{"allow":["GET"]}}],"collection":[{"href":"https:\/\/agrecol.pl\/en\/wp-json\/wp\/v2\/pages"}],"about":[{"href":"https:\/\/agrecol.pl\/en\/wp-json\/wp\/v2\/types\/page"}],"author":[{"embeddable":true,"href":"https:\/\/agrecol.pl\/en\/wp-json\/wp\/v2\/users\/15"}],"replies":[{"embeddable":true,"href":"https:\/\/agrecol.pl\/en\/wp-json\/wp\/v2\/comments?post=17290"}],"version-history":[{"count":3,"href":"https:\/\/agrecol.pl\/en\/wp-json\/wp\/v2\/pages\/17290\/revisions"}],"predecessor-version":[{"id":17324,"href":"https:\/\/agrecol.pl\/en\/wp-json\/wp\/v2\/pages\/17290\/revisions\/17324"}],"wp:featuredmedia":[{"embeddable":true,"href":"https:\/\/agrecol.pl\/en\/wp-json\/wp\/v2\/media\/17291"}],"wp:attachment":[{"href":"https:\/\/agrecol.pl\/en\/wp-json\/wp\/v2\/media?parent=17290"}],"curies":[{"name":"wp","href":"https:\/\/api.w.org\/{rel}","templated":true}]}}